{"id":6633,"date":"2026-05-10T19:08:36","date_gmt":"2026-05-10T19:08:36","guid":{"rendered":"https:\/\/lidiaecojoias.com\/?product=limpeza-energetica-conjunto"},"modified":"2026-05-13T13:17:38","modified_gmt":"2026-05-13T13:17:38","slug":"limpeza-energetica-conjunto","status":"publish","type":"product","link":"https:\/\/lidiaecojoias.com\/?product=limpeza-energetica-conjunto","title":{"rendered":"Limpeza energ\u00e9tica &#8211; conjunto"},"content":{"rendered":"<p>Conjunto de 3 produtos para limpeza energ\u00e9tica.<\/p>\n<p>O conjunto cont\u00e9m:<\/p>\n<p>&#8211; 1 garrafa de \u00e1gua florida de 70ml<\/p>\n<p>&#8211; 1 tocha de S\u00e1lvia branca<\/p>\n<p>&#8211; 2 sticks de pau santo<\/p>\n<p>Ideal para oferta.<\/p>\n<p>Acresce portes em caso de envio.<\/p>\n","protected":false},"excerpt":{"rendered":"<p>Conjunto de 3 produtos para limpeza energ\u00e9tica. O conjunto cont\u00e9m: &#8211; 1 garrafa de \u00e1gua florida de 70ml &#8211; 1 tocha de S\u00e1lvia branca &#8211; 2 sticks de pau santo Ideal para oferta. Acresce portes em caso de envio.<\/p>\n","protected":false},"featured_media":6650,"comment_status":"open","ping_status":"closed","template":"","meta":{"_mi_skip_tracking":false,"spay_email":""},"product_cat":[251],"product_tag":[],"class_list":{"0":"post-6633","1":"product","2":"type-product","3":"status-publish","4":"has-post-thumbnail","6":"product_cat-outros-artigos","7":"description-off","9":"first","10":"instock","11":"purchasable","12":"product-type-simple"},"_links":{"self":[{"href":"https:\/\/lidiaecojoias.com\/index.php?rest_route=\/wp\/v2\/product\/6633","targetHints":{"allow":["GET"]}}],"collection":[{"href":"https:\/\/lidiaecojoias.com\/index.php?rest_route=\/wp\/v2\/product"}],"about":[{"href":"https:\/\/lidiaecojoias.com\/index.php?rest_route=\/wp\/v2\/types\/product"}],"replies":[{"embeddable":true,"href":"https:\/\/lidiaecojoias.com\/index.php?rest_route=%2Fwp%2Fv2%2Fcomments&post=6633"}],"version-history":[{"count":2,"href":"https:\/\/lidiaecojoias.com\/index.php?rest_route=\/wp\/v2\/product\/6633\/revisions"}],"predecessor-version":[{"id":6651,"href":"https:\/\/lidiaecojoias.com\/index.php?rest_route=\/wp\/v2\/product\/6633\/revisions\/6651"}],"wp:featuredmedia":[{"embeddable":true,"href":"https:\/\/lidiaecojoias.com\/index.php?rest_route=\/wp\/v2\/media\/6650"}],"wp:attachment":[{"href":"https:\/\/lidiaecojoias.com\/index.php?rest_route=%2Fwp%2Fv2%2Fmedia&parent=6633"}],"wp:term":[{"taxonomy":"product_cat","embeddable":true,"href":"https:\/\/lidiaecojoias.com\/index.php?rest_route=%2Fwp%2Fv2%2Fproduct_cat&post=6633"},{"taxonomy":"product_tag","embeddable":true,"href":"https:\/\/lidiaecojoias.com\/index.php?rest_route=%2Fwp%2Fv2%2Fproduct_tag&post=6633"}],"curies":[{"name":"wp","href":"https:\/\/api.w.org\/{rel}","templated":true}]}}