{"id":6626,"date":"2026-05-10T18:02:53","date_gmt":"2026-05-10T18:02:53","guid":{"rendered":"https:\/\/lidiaecojoias.com\/?post_type=product&#038;p=6626"},"modified":"2026-05-10T19:02:12","modified_gmt":"2026-05-10T19:02:12","slug":"agua-florida-2","status":"publish","type":"product","link":"https:\/\/lidiaecojoias.com\/?product=agua-florida-2","title":{"rendered":"\u00c1gua florida pequena"},"content":{"rendered":"<p>De origem peruana, a \u00e1gua florida \u00e9 um perfume tradicional feito \u00e0 base de \u00e2mbar, alm\u00edscar e benjoeiro.<\/p>\n<p>De aroma poderoso, suave e muito agrad\u00e1vel, a \u00e1gua de florida possui diversos usos:<\/p>\n<p>&#8211; refresca o corpo e o esp\u00edrito e atrai energias positivas.<\/p>\n<p>&#8211; ajuda nas dores de cabe\u00e7a, nas gripes, nas picadas de insetos, no al\u00edvio dos p\u00e9s cansados e outros.<\/p>\n<p>&#8211; em banhos energ\u00e9ticos, para afastar as m\u00e1s energias e atrair o bem, fortalecer o altar e consagrar objetos de poder.<\/p>\n<p>Garrafas pequenas de \u00c1gua florida com 70ml<\/p>\n<p>Ao valor apresentado acresce os portes.<\/p>\n","protected":false},"excerpt":{"rendered":"<p>De origem peruana, a \u00e1gua florida \u00e9 um perfume tradicional feito \u00e0 base de \u00e2mbar, alm\u00edscar e benjoeiro. De aroma poderoso, suave e muito agrad\u00e1vel, a \u00e1gua de florida possui diversos usos: &#8211; refresca o corpo e o esp\u00edrito e atrai energias positivas. &#8211; ajuda nas dores de cabe\u00e7a, nas gripes, nas picadas de insetos,&hellip;<\/p>\n","protected":false},"featured_media":6629,"comment_status":"open","ping_status":"closed","template":"","meta":{"_mi_skip_tracking":false,"spay_email":""},"product_cat":[251],"product_tag":[],"class_list":{"0":"post-6626","1":"product","2":"type-product","3":"status-publish","4":"has-post-thumbnail","6":"product_cat-outros-artigos","7":"description-off","9":"first","10":"instock","11":"purchasable","12":"product-type-simple"},"_links":{"self":[{"href":"https:\/\/lidiaecojoias.com\/index.php?rest_route=\/wp\/v2\/product\/6626","targetHints":{"allow":["GET"]}}],"collection":[{"href":"https:\/\/lidiaecojoias.com\/index.php?rest_route=\/wp\/v2\/product"}],"about":[{"href":"https:\/\/lidiaecojoias.com\/index.php?rest_route=\/wp\/v2\/types\/product"}],"replies":[{"embeddable":true,"href":"https:\/\/lidiaecojoias.com\/index.php?rest_route=%2Fwp%2Fv2%2Fcomments&post=6626"}],"version-history":[{"count":1,"href":"https:\/\/lidiaecojoias.com\/index.php?rest_route=\/wp\/v2\/product\/6626\/revisions"}],"predecessor-version":[{"id":6627,"href":"https:\/\/lidiaecojoias.com\/index.php?rest_route=\/wp\/v2\/product\/6626\/revisions\/6627"}],"wp:featuredmedia":[{"embeddable":true,"href":"https:\/\/lidiaecojoias.com\/index.php?rest_route=\/wp\/v2\/media\/6629"}],"wp:attachment":[{"href":"https:\/\/lidiaecojoias.com\/index.php?rest_route=%2Fwp%2Fv2%2Fmedia&parent=6626"}],"wp:term":[{"taxonomy":"product_cat","embeddable":true,"href":"https:\/\/lidiaecojoias.com\/index.php?rest_route=%2Fwp%2Fv2%2Fproduct_cat&post=6626"},{"taxonomy":"product_tag","embeddable":true,"href":"https:\/\/lidiaecojoias.com\/index.php?rest_route=%2Fwp%2Fv2%2Fproduct_tag&post=6626"}],"curies":[{"name":"wp","href":"https:\/\/api.w.org\/{rel}","templated":true}]}}