{"id":6208,"date":"2022-07-11T12:54:17","date_gmt":"2022-07-11T12:54:17","guid":{"rendered":"https:\/\/lidiaecojoias.com\/?post_type=product&#038;p=6208"},"modified":"2024-01-15T16:40:34","modified_gmt":"2024-01-15T16:40:34","slug":"pulseira-7-chacras-opcao-difusora-de-oleos-essenciais","status":"publish","type":"product","link":"https:\/\/lidiaecojoias.com\/?product=pulseira-7-chacras-opcao-difusora-de-oleos-essenciais","title":{"rendered":"Pulseira 7 chacras &#8211; op\u00e7\u00e3o difusora de \u00f3leos essenciais"},"content":{"rendered":"<div dir=\"auto\">\n<p>Pulseira 7 chacras, com op\u00e7\u00e3o de difus\u00e3o de \u00f3leos essenciais.<\/p>\n<p>Com 7 poderosos cristais + a pedra vulc\u00e2nica, a pulseira dos chacras ajuda a equilibrar corpo e mente atrav\u00e9s do equil\u00edbrio dos chacras.<\/p>\n<p>Pulseira com 7 cristais diferentes: jaspe vermelho, aventurina vermelha, citrino, aventurina verde, sodalite, ametista e quartzo cristal + pedra de lava vulc\u00e2nica.<\/p>\n<p>Para difundir \u00f3leos essenciais basta colocar 1 gota de \u00f3leo essencial nas contas de lava vulc\u00e2nica e esta ir\u00e1 absorver o \u00f3leo e carreg\u00e1-lo por si durante largas horas.<\/p>\n<\/div>\n<div dir=\"auto\">\n<p>&nbsp;<\/p>\n<\/div>\n<div dir=\"auto\">Pulseira em fio el\u00e1stico feita \u00e0 medida.<\/div>\n<div dir=\"auto\">Ao encomendar seleccione por favor a medida pretendida.<\/div>\n<div dir=\"auto\">Para outras medidas indique por favor nos coment\u00e1rios da sua encomenda.<\/div>\n<div dir=\"auto\"><\/div>\n<div dir=\"auto\">Oferta de portes em correio verde simples para este artigo, para Portugal.<\/div>\n","protected":false},"excerpt":{"rendered":"<p>Pulseira 7 chacras, com op\u00e7\u00e3o de difus\u00e3o de \u00f3leos essenciais. Com 7 poderosos cristais + a pedra vulc\u00e2nica, a pulseira dos chacras ajuda a equilibrar corpo e mente atrav\u00e9s do equil\u00edbrio dos chacras. Pulseira com 7 cristais diferentes: jaspe vermelho, aventurina vermelha, citrino, aventurina verde, sodalite, ametista e quartzo cristal + pedra de lava vulc\u00e2nica.&hellip;<\/p>\n","protected":false},"featured_media":6224,"comment_status":"open","ping_status":"closed","template":"","meta":{"_mi_skip_tracking":false,"spay_email":""},"product_cat":[227,229],"product_tag":[295,306,349,307,350,308,258,259,282,326],"class_list":{"0":"post-6208","1":"product","2":"type-product","3":"status-publish","4":"has-post-thumbnail","6":"product_cat-bijuteria-com-cristais","7":"product_cat-pulseiras-terapeuticas","8":"product_tag-ametista","9":"product_tag-aventurina-verde","10":"product_tag-aventurina-vermelha","11":"product_tag-citrino","12":"product_tag-jaspe-vermelho","13":"product_tag-pedra-vulcanica","14":"product_tag-pulseira","15":"product_tag-pulseira-de-cristais","16":"product_tag-quartzo-cristal","17":"product_tag-sodalite","18":"description-off","20":"first","21":"instock","22":"shipping-taxable","23":"purchasable","24":"product-type-variable","25":"has-default-attributes"},"_links":{"self":[{"href":"https:\/\/lidiaecojoias.com\/index.php?rest_route=\/wp\/v2\/product\/6208","targetHints":{"allow":["GET"]}}],"collection":[{"href":"https:\/\/lidiaecojoias.com\/index.php?rest_route=\/wp\/v2\/product"}],"about":[{"href":"https:\/\/lidiaecojoias.com\/index.php?rest_route=\/wp\/v2\/types\/product"}],"replies":[{"embeddable":true,"href":"https:\/\/lidiaecojoias.com\/index.php?rest_route=%2Fwp%2Fv2%2Fcomments&post=6208"}],"version-history":[{"count":2,"href":"https:\/\/lidiaecojoias.com\/index.php?rest_route=\/wp\/v2\/product\/6208\/revisions"}],"predecessor-version":[{"id":6225,"href":"https:\/\/lidiaecojoias.com\/index.php?rest_route=\/wp\/v2\/product\/6208\/revisions\/6225"}],"wp:featuredmedia":[{"embeddable":true,"href":"https:\/\/lidiaecojoias.com\/index.php?rest_route=\/wp\/v2\/media\/6224"}],"wp:attachment":[{"href":"https:\/\/lidiaecojoias.com\/index.php?rest_route=%2Fwp%2Fv2%2Fmedia&parent=6208"}],"wp:term":[{"taxonomy":"product_cat","embeddable":true,"href":"https:\/\/lidiaecojoias.com\/index.php?rest_route=%2Fwp%2Fv2%2Fproduct_cat&post=6208"},{"taxonomy":"product_tag","embeddable":true,"href":"https:\/\/lidiaecojoias.com\/index.php?rest_route=%2Fwp%2Fv2%2Fproduct_tag&post=6208"}],"curies":[{"name":"wp","href":"https:\/\/api.w.org\/{rel}","templated":true}]}}