{"id":6197,"date":"2022-07-11T12:42:52","date_gmt":"2022-07-11T12:42:52","guid":{"rendered":"https:\/\/lidiaecojoias.com\/?post_type=product&#038;p=6197"},"modified":"2022-07-11T12:46:22","modified_gmt":"2022-07-11T12:46:22","slug":"pulseira-em-jaspe-vermelho","status":"publish","type":"product","link":"https:\/\/lidiaecojoias.com\/?product=pulseira-em-jaspe-vermelho","title":{"rendered":"Pulseira em Jaspe vermelho"},"content":{"rendered":"<div dir=\"auto\">\n<p>O jaspe vermelho \u00e9 uma pedra de enraizamento ligada ao 1\u00b0 chacra, que nos liga \u00e0 terra e \u00e0s nossas ra\u00edzes.<\/p>\n<p>O jaspe vermelho ajuda na concretiza\u00e7\u00e3o de objetivos.<\/p>\n<p>Traz determina\u00e7\u00e3o para fazermos o que precisa ser feito e estimula o pensamento r\u00e1pido.<\/p>\n<p>&nbsp;<\/p>\n<\/div>\n<div dir=\"auto\">Pulseira em jaspe vermelho em fio el\u00e1stico feita \u00e0 medida.<\/div>\n<div dir=\"auto\">Ao encomendar seleccione por favor a medida pretendida.<\/div>\n<div dir=\"auto\">Para outras medidas indique por favor nos coment\u00e1rios da sua encomenda.<\/div>\n<div dir=\"auto\"><\/div>\n<div dir=\"auto\">Oferta de portes em correio verde simples para este artigo, para Portugal.<\/div>\n","protected":false},"excerpt":{"rendered":"<p>O jaspe vermelho \u00e9 uma pedra de enraizamento ligada ao 1\u00b0 chacra, que nos liga \u00e0 terra e \u00e0s nossas ra\u00edzes. O jaspe vermelho ajuda na concretiza\u00e7\u00e3o de objetivos. Traz determina\u00e7\u00e3o para fazermos o que precisa ser feito e estimula o pensamento r\u00e1pido. &nbsp; Pulseira em jaspe vermelho em fio el\u00e1stico feita \u00e0 medida. Ao&hellip;<\/p>\n","protected":false},"featured_media":6205,"comment_status":"open","ping_status":"closed","template":"","meta":{"_mi_skip_tracking":false,"spay_email":""},"product_cat":[227,229],"product_tag":[350,258,259],"class_list":{"0":"post-6197","1":"product","2":"type-product","3":"status-publish","4":"has-post-thumbnail","6":"product_cat-bijuteria-com-cristais","7":"product_cat-pulseiras-terapeuticas","8":"product_tag-jaspe-vermelho","9":"product_tag-pulseira","10":"product_tag-pulseira-de-cristais","11":"description-off","13":"first","14":"instock","15":"shipping-taxable","16":"purchasable","17":"product-type-variable","18":"has-default-attributes"},"_links":{"self":[{"href":"https:\/\/lidiaecojoias.com\/index.php?rest_route=\/wp\/v2\/product\/6197","targetHints":{"allow":["GET"]}}],"collection":[{"href":"https:\/\/lidiaecojoias.com\/index.php?rest_route=\/wp\/v2\/product"}],"about":[{"href":"https:\/\/lidiaecojoias.com\/index.php?rest_route=\/wp\/v2\/types\/product"}],"replies":[{"embeddable":true,"href":"https:\/\/lidiaecojoias.com\/index.php?rest_route=%2Fwp%2Fv2%2Fcomments&post=6197"}],"version-history":[{"count":2,"href":"https:\/\/lidiaecojoias.com\/index.php?rest_route=\/wp\/v2\/product\/6197\/revisions"}],"predecessor-version":[{"id":6206,"href":"https:\/\/lidiaecojoias.com\/index.php?rest_route=\/wp\/v2\/product\/6197\/revisions\/6206"}],"wp:featuredmedia":[{"embeddable":true,"href":"https:\/\/lidiaecojoias.com\/index.php?rest_route=\/wp\/v2\/media\/6205"}],"wp:attachment":[{"href":"https:\/\/lidiaecojoias.com\/index.php?rest_route=%2Fwp%2Fv2%2Fmedia&parent=6197"}],"wp:term":[{"taxonomy":"product_cat","embeddable":true,"href":"https:\/\/lidiaecojoias.com\/index.php?rest_route=%2Fwp%2Fv2%2Fproduct_cat&post=6197"},{"taxonomy":"product_tag","embeddable":true,"href":"https:\/\/lidiaecojoias.com\/index.php?rest_route=%2Fwp%2Fv2%2Fproduct_tag&post=6197"}],"curies":[{"name":"wp","href":"https:\/\/api.w.org\/{rel}","templated":true}]}}