{"id":6186,"date":"2022-07-11T12:34:35","date_gmt":"2022-07-11T12:34:35","guid":{"rendered":"https:\/\/lidiaecojoias.com\/?post_type=product&#038;p=6186"},"modified":"2022-07-11T12:42:12","modified_gmt":"2022-07-11T12:42:12","slug":"pulseira-em-aventurina-vermelha","status":"publish","type":"product","link":"https:\/\/lidiaecojoias.com\/?product=pulseira-em-aventurina-vermelha","title":{"rendered":"Pulseira em Aventurina vermelha"},"content":{"rendered":"<div dir=\"auto\">\n<p>A aventurina vermelha tem rela\u00e7\u00e3o com o 2 chakra &#8211; umbilical, centro da nossa energia sexual e express\u00e3o criadora.<\/p>\n<p>Esta pedra estimula o fogo interior, favorece a aprendizagem e o crescimento espiritual pela ajuda na integra\u00e7\u00e3o de experi\u00eancias de vida.<\/p>\n<p>Fortalece a for\u00e7a de vontade e a resili\u00eancia.<\/p>\n<p>\u00c9 uma pedra de a\u00e7\u00e3o lenta que pode ser usada por longos per\u00edodos.<\/p>\n<p>Signos: carneiro, touro e g\u00e9meos.<\/p>\n<p>Profiss\u00f5es: banc\u00e1rios e comunicadores na \u00e1rea do marketing.<\/p>\n<p>Bodas de Aventurina vermelha: 37 anos de uni\u00e3o est\u00e1vel.<\/p>\n<p>&nbsp;<\/p>\n<\/div>\n<div dir=\"auto\">Pulseira em aventurina vermelha em fio el\u00e1stico feita \u00e0 medida.<\/div>\n<div dir=\"auto\">Ao encomendar seleccione por favor a medida pretendida.<\/div>\n<div dir=\"auto\">Para outras medidas indique por favor nos coment\u00e1rios da sua encomenda.<\/div>\n<div dir=\"auto\"><\/div>\n<div dir=\"auto\">Oferta de portes em correio verde simples para este artigo, para Portugal.<\/div>\n","protected":false},"excerpt":{"rendered":"<p>A aventurina vermelha tem rela\u00e7\u00e3o com o 2 chakra &#8211; umbilical, centro da nossa energia sexual e express\u00e3o criadora. Esta pedra estimula o fogo interior, favorece a aprendizagem e o crescimento espiritual pela ajuda na integra\u00e7\u00e3o de experi\u00eancias de vida. Fortalece a for\u00e7a de vontade e a resili\u00eancia. \u00c9 uma pedra de a\u00e7\u00e3o lenta que&hellip;<\/p>\n","protected":false},"featured_media":6195,"comment_status":"open","ping_status":"closed","template":"","meta":{"_mi_skip_tracking":false,"spay_email":""},"product_cat":[227,229],"product_tag":[349,258,259],"class_list":{"0":"post-6186","1":"product","2":"type-product","3":"status-publish","4":"has-post-thumbnail","6":"product_cat-bijuteria-com-cristais","7":"product_cat-pulseiras-terapeuticas","8":"product_tag-aventurina-vermelha","9":"product_tag-pulseira","10":"product_tag-pulseira-de-cristais","11":"description-off","13":"first","14":"instock","15":"shipping-taxable","16":"purchasable","17":"product-type-variable","18":"has-default-attributes"},"_links":{"self":[{"href":"https:\/\/lidiaecojoias.com\/index.php?rest_route=\/wp\/v2\/product\/6186","targetHints":{"allow":["GET"]}}],"collection":[{"href":"https:\/\/lidiaecojoias.com\/index.php?rest_route=\/wp\/v2\/product"}],"about":[{"href":"https:\/\/lidiaecojoias.com\/index.php?rest_route=\/wp\/v2\/types\/product"}],"replies":[{"embeddable":true,"href":"https:\/\/lidiaecojoias.com\/index.php?rest_route=%2Fwp%2Fv2%2Fcomments&post=6186"}],"version-history":[{"count":2,"href":"https:\/\/lidiaecojoias.com\/index.php?rest_route=\/wp\/v2\/product\/6186\/revisions"}],"predecessor-version":[{"id":6196,"href":"https:\/\/lidiaecojoias.com\/index.php?rest_route=\/wp\/v2\/product\/6186\/revisions\/6196"}],"wp:featuredmedia":[{"embeddable":true,"href":"https:\/\/lidiaecojoias.com\/index.php?rest_route=\/wp\/v2\/media\/6195"}],"wp:attachment":[{"href":"https:\/\/lidiaecojoias.com\/index.php?rest_route=%2Fwp%2Fv2%2Fmedia&parent=6186"}],"wp:term":[{"taxonomy":"product_cat","embeddable":true,"href":"https:\/\/lidiaecojoias.com\/index.php?rest_route=%2Fwp%2Fv2%2Fproduct_cat&post=6186"},{"taxonomy":"product_tag","embeddable":true,"href":"https:\/\/lidiaecojoias.com\/index.php?rest_route=%2Fwp%2Fv2%2Fproduct_tag&post=6186"}],"curies":[{"name":"wp","href":"https:\/\/api.w.org\/{rel}","templated":true}]}}