{"id":6095,"date":"2021-12-17T11:06:16","date_gmt":"2021-12-17T11:06:16","guid":{"rendered":"https:\/\/lidiaecojoias.com\/?post_type=product&#038;p=6095"},"modified":"2021-12-17T17:53:30","modified_gmt":"2021-12-17T17:53:30","slug":"colar-com-olho-de-tigre","status":"publish","type":"product","link":"https:\/\/lidiaecojoias.com\/?product=colar-com-olho-de-tigre","title":{"rendered":"Colar com olho-de-tigre"},"content":{"rendered":"<p>Conhecida pelo seu efeito de prote\u00e7\u00e3o, o olho-de tigre protege da negatividade, enviando-a \u00e0 sua origem.<\/p>\n<p>\u00c9 boa para o cora\u00e7\u00e3o.<\/p>\n<p>Auxilia as pessoas que t\u00eam problemas para falar e expressarem-se em geral.<\/p>\n<p>Aumenta a coragem, a for\u00e7a de vontade e a confian\u00e7a para alcan\u00e7ar objetivos.<\/p>\n<p>Ajuda a expandir talentos.<\/p>\n<p>Signos: touro.<\/p>\n<p>Profiss\u00f5es: detetives, empres\u00e1rios, gestores e todos os comunicadores em geral.<\/p>\n<p>Colar em macram\u00e9 com pedra olho-de-tigre rolada.<\/p>\n<p>Oferta de portes em correio verde simples para este produto.<\/p>\n","protected":false},"excerpt":{"rendered":"<p>Conhecida pelo seu efeito de prote\u00e7\u00e3o, o olho-de tigre protege da negatividade, enviando-a \u00e0 sua origem. \u00c9 boa para o cora\u00e7\u00e3o. Auxilia as pessoas que t\u00eam problemas para falar e expressarem-se em geral. Aumenta a coragem, a for\u00e7a de vontade e a confian\u00e7a para alcan\u00e7ar objetivos. Ajuda a expandir talentos. Signos: touro. Profiss\u00f5es: detetives, empres\u00e1rios,&hellip;<\/p>\n","protected":false},"featured_media":6079,"comment_status":"open","ping_status":"closed","template":"","meta":{"_mi_skip_tracking":false,"spay_email":""},"product_cat":[227,228],"product_tag":[253,286,275,302],"class_list":{"0":"post-6095","1":"product","2":"type-product","3":"status-publish","4":"has-post-thumbnail","6":"product_cat-bijuteria-com-cristais","7":"product_cat-colares","8":"product_tag-colar","9":"product_tag-colar-com-cristais","10":"product_tag-macrame","11":"product_tag-olho-de-tigre","12":"description-off","14":"first","15":"instock","16":"shipping-taxable","17":"purchasable","18":"product-type-simple"},"_links":{"self":[{"href":"https:\/\/lidiaecojoias.com\/index.php?rest_route=\/wp\/v2\/product\/6095","targetHints":{"allow":["GET"]}}],"collection":[{"href":"https:\/\/lidiaecojoias.com\/index.php?rest_route=\/wp\/v2\/product"}],"about":[{"href":"https:\/\/lidiaecojoias.com\/index.php?rest_route=\/wp\/v2\/types\/product"}],"replies":[{"embeddable":true,"href":"https:\/\/lidiaecojoias.com\/index.php?rest_route=%2Fwp%2Fv2%2Fcomments&post=6095"}],"version-history":[{"count":3,"href":"https:\/\/lidiaecojoias.com\/index.php?rest_route=\/wp\/v2\/product\/6095\/revisions"}],"predecessor-version":[{"id":6098,"href":"https:\/\/lidiaecojoias.com\/index.php?rest_route=\/wp\/v2\/product\/6095\/revisions\/6098"}],"wp:featuredmedia":[{"embeddable":true,"href":"https:\/\/lidiaecojoias.com\/index.php?rest_route=\/wp\/v2\/media\/6079"}],"wp:attachment":[{"href":"https:\/\/lidiaecojoias.com\/index.php?rest_route=%2Fwp%2Fv2%2Fmedia&parent=6095"}],"wp:term":[{"taxonomy":"product_cat","embeddable":true,"href":"https:\/\/lidiaecojoias.com\/index.php?rest_route=%2Fwp%2Fv2%2Fproduct_cat&post=6095"},{"taxonomy":"product_tag","embeddable":true,"href":"https:\/\/lidiaecojoias.com\/index.php?rest_route=%2Fwp%2Fv2%2Fproduct_tag&post=6095"}],"curies":[{"name":"wp","href":"https:\/\/api.w.org\/{rel}","templated":true}]}}