{"id":6086,"date":"2021-12-17T10:55:32","date_gmt":"2021-12-17T10:55:32","guid":{"rendered":"https:\/\/lidiaecojoias.com\/?post_type=product&#038;p=6086"},"modified":"2021-12-17T11:03:39","modified_gmt":"2021-12-17T11:03:39","slug":"pulseira-de-protecao","status":"publish","type":"product","link":"https:\/\/lidiaecojoias.com\/?product=pulseira-de-protecao","title":{"rendered":"Pulseira de prote\u00e7\u00e3o"},"content":{"rendered":"<div dir=\"auto\">\n<p>Pulseira de prote\u00e7\u00e3o com 4 poderosos cristais:<\/p>\n<ul>\n<li><strong>Granada<\/strong>: equilibra, purifica, revitaliza, protege da inveja a n\u00edvel profissional<\/li>\n<li><strong>Jaspe brechado:<\/strong> enraizamento, foco, prazer, protege de esp\u00edritos malignos<\/li>\n<li><strong>Olho-de-tigre<\/strong>: prote\u00e7\u00e3o, for\u00e7a de vontade, confian\u00e7a<\/li>\n<li><strong>Turmalina colorida<\/strong>: limpeza, purifica\u00e7\u00e3o, prote\u00e7\u00e3o energ\u00e9tica<\/li>\n<\/ul>\n<\/div>\n<div dir=\"auto\">Pulseira em fio el\u00e1stico feita \u00e0 medida.<\/div>\n<div dir=\"auto\">Ao encomendar seleccione por favor a medida pretendida.<\/div>\n<div dir=\"auto\">Para outras medidas indique por favor nos coment\u00e1rios da sua encomenda.<\/div>\n<div dir=\"auto\"><\/div>\n<div dir=\"auto\">Oferta de portes em correio verde simples para este artigo.<\/div>\n","protected":false},"excerpt":{"rendered":"<p>Pulseira de prote\u00e7\u00e3o com 4 poderosos cristais: Granada: equilibra, purifica, revitaliza, protege da inveja a n\u00edvel profissional Jaspe brechado: enraizamento, foco, prazer, protege de esp\u00edritos malignos Olho-de-tigre: prote\u00e7\u00e3o, for\u00e7a de vontade, confian\u00e7a Turmalina colorida: limpeza, purifica\u00e7\u00e3o, prote\u00e7\u00e3o energ\u00e9tica Pulseira em fio el\u00e1stico feita \u00e0 medida. Ao encomendar seleccione por favor a medida pretendida. Para outras&hellip;<\/p>\n","protected":false},"featured_media":6082,"comment_status":"open","ping_status":"closed","template":"","meta":{"_mi_skip_tracking":false,"spay_email":""},"product_cat":[227,229],"product_tag":[290,323,302,258,259,321],"class_list":{"0":"post-6086","1":"product","2":"type-product","3":"status-publish","4":"has-post-thumbnail","6":"product_cat-bijuteria-com-cristais","7":"product_cat-pulseiras-terapeuticas","8":"product_tag-granada","9":"product_tag-jaspe-brechado","10":"product_tag-olho-de-tigre","11":"product_tag-pulseira","12":"product_tag-pulseira-de-cristais","13":"product_tag-turmalina-colorida","14":"description-off","16":"first","17":"instock","18":"shipping-taxable","19":"purchasable","20":"product-type-variable","21":"has-default-attributes"},"_links":{"self":[{"href":"https:\/\/lidiaecojoias.com\/index.php?rest_route=\/wp\/v2\/product\/6086","targetHints":{"allow":["GET"]}}],"collection":[{"href":"https:\/\/lidiaecojoias.com\/index.php?rest_route=\/wp\/v2\/product"}],"about":[{"href":"https:\/\/lidiaecojoias.com\/index.php?rest_route=\/wp\/v2\/types\/product"}],"replies":[{"embeddable":true,"href":"https:\/\/lidiaecojoias.com\/index.php?rest_route=%2Fwp%2Fv2%2Fcomments&post=6086"}],"version-history":[{"count":2,"href":"https:\/\/lidiaecojoias.com\/index.php?rest_route=\/wp\/v2\/product\/6086\/revisions"}],"predecessor-version":[{"id":6094,"href":"https:\/\/lidiaecojoias.com\/index.php?rest_route=\/wp\/v2\/product\/6086\/revisions\/6094"}],"wp:featuredmedia":[{"embeddable":true,"href":"https:\/\/lidiaecojoias.com\/index.php?rest_route=\/wp\/v2\/media\/6082"}],"wp:attachment":[{"href":"https:\/\/lidiaecojoias.com\/index.php?rest_route=%2Fwp%2Fv2%2Fmedia&parent=6086"}],"wp:term":[{"taxonomy":"product_cat","embeddable":true,"href":"https:\/\/lidiaecojoias.com\/index.php?rest_route=%2Fwp%2Fv2%2Fproduct_cat&post=6086"},{"taxonomy":"product_tag","embeddable":true,"href":"https:\/\/lidiaecojoias.com\/index.php?rest_route=%2Fwp%2Fv2%2Fproduct_tag&post=6086"}],"curies":[{"name":"wp","href":"https:\/\/api.w.org\/{rel}","templated":true}]}}