{"id":6059,"date":"2021-12-15T13:32:52","date_gmt":"2021-12-15T13:32:52","guid":{"rendered":"https:\/\/lidiaecojoias.com\/?post_type=product&#038;p=6059"},"modified":"2024-01-15T16:42:58","modified_gmt":"2024-01-15T16:42:58","slug":"pulseira-em-sodalite","status":"publish","type":"product","link":"https:\/\/lidiaecojoias.com\/?product=pulseira-em-sodalite","title":{"rendered":"Pulseira em Sodalite"},"content":{"rendered":"<div dir=\"auto\">\n<p>O nome sodalite prov\u00e9m do principal mineral que cont\u00e9m: o s\u00f3dio. A sodalite \u00e9 um silicato de s\u00f3dio e alum\u00ednio com cloro.<\/p>\n<p>A sodalite \u00e9 a pedra do poder espiritual.<\/p>\n<p>A sodalite ajuda-nos a aumentar as nossas capacidades medi\u00fanicas e a conetarmo-nos com o nosso Eu superior.<\/p>\n<p>Desbloqueia situa\u00e7\u00f5es que parecem n\u00e3o ter solu\u00e7\u00e3o e ajuda em processos criativos bloqueados.<\/p>\n<p>A n\u00edvel f\u00edsico aumenta a capacidade de concentra\u00e7\u00e3o, previne alergias, diminui as inflama\u00e7\u00f5es e auxilia na dor de garganta.<\/p>\n<p>Chakra: 5\u00b0 e 6\u00ba &#8211; lar\u00edngeo e terceira vis\u00e3o.<br \/>\nSignos: Sagit\u00e1rio<\/p>\n<\/div>\n<div dir=\"auto\">Pulseira em sodalite em fio el\u00e1stico feita \u00e0 medida.<\/div>\n<div dir=\"auto\">Ao encomendar seleccione por favor a medida pretendida.<\/div>\n<div dir=\"auto\">Para outras medidas indique por favor nos coment\u00e1rios da sua encomenda.<\/div>\n<div dir=\"auto\"><\/div>\n<div dir=\"auto\">Oferta de portes em correio verde simples para este artigo.<\/div>\n","protected":false},"excerpt":{"rendered":"<p>O nome sodalite prov\u00e9m do principal mineral que cont\u00e9m: o s\u00f3dio. A sodalite \u00e9 um silicato de s\u00f3dio e alum\u00ednio com cloro. A sodalite \u00e9 a pedra do poder espiritual. A sodalite ajuda-nos a aumentar as nossas capacidades medi\u00fanicas e a conetarmo-nos com o nosso Eu superior. Desbloqueia situa\u00e7\u00f5es que parecem n\u00e3o ter solu\u00e7\u00e3o e&hellip;<\/p>\n","protected":false},"featured_media":6057,"comment_status":"open","ping_status":"closed","template":"","meta":{"_mi_skip_tracking":false,"spay_email":""},"product_cat":[227,229],"product_tag":[258,259,326],"class_list":{"0":"post-6059","1":"product","2":"type-product","3":"status-publish","4":"has-post-thumbnail","6":"product_cat-bijuteria-com-cristais","7":"product_cat-pulseiras-terapeuticas","8":"product_tag-pulseira","9":"product_tag-pulseira-de-cristais","10":"product_tag-sodalite","11":"description-off","13":"first","14":"instock","15":"shipping-taxable","16":"purchasable","17":"product-type-variable","18":"has-default-attributes"},"_links":{"self":[{"href":"https:\/\/lidiaecojoias.com\/index.php?rest_route=\/wp\/v2\/product\/6059","targetHints":{"allow":["GET"]}}],"collection":[{"href":"https:\/\/lidiaecojoias.com\/index.php?rest_route=\/wp\/v2\/product"}],"about":[{"href":"https:\/\/lidiaecojoias.com\/index.php?rest_route=\/wp\/v2\/types\/product"}],"replies":[{"embeddable":true,"href":"https:\/\/lidiaecojoias.com\/index.php?rest_route=%2Fwp%2Fv2%2Fcomments&post=6059"}],"version-history":[{"count":1,"href":"https:\/\/lidiaecojoias.com\/index.php?rest_route=\/wp\/v2\/product\/6059\/revisions"}],"predecessor-version":[{"id":6066,"href":"https:\/\/lidiaecojoias.com\/index.php?rest_route=\/wp\/v2\/product\/6059\/revisions\/6066"}],"wp:featuredmedia":[{"embeddable":true,"href":"https:\/\/lidiaecojoias.com\/index.php?rest_route=\/wp\/v2\/media\/6057"}],"wp:attachment":[{"href":"https:\/\/lidiaecojoias.com\/index.php?rest_route=%2Fwp%2Fv2%2Fmedia&parent=6059"}],"wp:term":[{"taxonomy":"product_cat","embeddable":true,"href":"https:\/\/lidiaecojoias.com\/index.php?rest_route=%2Fwp%2Fv2%2Fproduct_cat&post=6059"},{"taxonomy":"product_tag","embeddable":true,"href":"https:\/\/lidiaecojoias.com\/index.php?rest_route=%2Fwp%2Fv2%2Fproduct_tag&post=6059"}],"curies":[{"name":"wp","href":"https:\/\/api.w.org\/{rel}","templated":true}]}}