{"id":6031,"date":"2021-12-09T12:34:14","date_gmt":"2021-12-09T12:34:14","guid":{"rendered":"https:\/\/lidiaecojoias.com\/?post_type=product&#038;p=6031"},"modified":"2021-12-09T12:34:14","modified_gmt":"2021-12-09T12:34:14","slug":"colar-tucuma","status":"publish","type":"product","link":"https:\/\/lidiaecojoias.com\/?product=colar-tucuma","title":{"rendered":"Colar tucum\u00e3"},"content":{"rendered":"<p>Colar vistoso com 4 sementes de tucum\u00e3 numa corrente grossa.<\/p>\n<p>Pe\u00e7a \u00fanica. Ao comprar ir\u00e1 receber exatamente o colar da foto.<\/p>\n<p>Oferta de portes em correio verde simples.<\/p>\n","protected":false},"excerpt":{"rendered":"<p>Colar vistoso com 4 sementes de tucum\u00e3 numa corrente grossa. Pe\u00e7a \u00fanica. Ao comprar ir\u00e1 receber exatamente o colar da foto. Oferta de portes em correio verde simples.<\/p>\n","protected":false},"featured_media":6026,"comment_status":"open","ping_status":"closed","template":"","meta":{"_mi_skip_tracking":false,"spay_email":""},"product_cat":[231,232],"product_tag":[256,343],"class_list":{"0":"post-6031","1":"product","2":"type-product","3":"status-publish","4":"has-post-thumbnail","6":"product_cat-bijuteria-com-sementes","7":"product_cat-colares-bijuteria-com-sementes","8":"product_tag-colar-com-sementes","9":"product_tag-tucuma","10":"description-off","12":"first","13":"instock","14":"shipping-taxable","15":"purchasable","16":"product-type-simple"},"_links":{"self":[{"href":"https:\/\/lidiaecojoias.com\/index.php?rest_route=\/wp\/v2\/product\/6031","targetHints":{"allow":["GET"]}}],"collection":[{"href":"https:\/\/lidiaecojoias.com\/index.php?rest_route=\/wp\/v2\/product"}],"about":[{"href":"https:\/\/lidiaecojoias.com\/index.php?rest_route=\/wp\/v2\/types\/product"}],"replies":[{"embeddable":true,"href":"https:\/\/lidiaecojoias.com\/index.php?rest_route=%2Fwp%2Fv2%2Fcomments&post=6031"}],"version-history":[{"count":1,"href":"https:\/\/lidiaecojoias.com\/index.php?rest_route=\/wp\/v2\/product\/6031\/revisions"}],"predecessor-version":[{"id":6032,"href":"https:\/\/lidiaecojoias.com\/index.php?rest_route=\/wp\/v2\/product\/6031\/revisions\/6032"}],"wp:featuredmedia":[{"embeddable":true,"href":"https:\/\/lidiaecojoias.com\/index.php?rest_route=\/wp\/v2\/media\/6026"}],"wp:attachment":[{"href":"https:\/\/lidiaecojoias.com\/index.php?rest_route=%2Fwp%2Fv2%2Fmedia&parent=6031"}],"wp:term":[{"taxonomy":"product_cat","embeddable":true,"href":"https:\/\/lidiaecojoias.com\/index.php?rest_route=%2Fwp%2Fv2%2Fproduct_cat&post=6031"},{"taxonomy":"product_tag","embeddable":true,"href":"https:\/\/lidiaecojoias.com\/index.php?rest_route=%2Fwp%2Fv2%2Fproduct_tag&post=6031"}],"curies":[{"name":"wp","href":"https:\/\/api.w.org\/{rel}","templated":true}]}}