{"id":5967,"date":"2021-11-29T15:36:16","date_gmt":"2021-11-29T15:36:16","guid":{"rendered":"https:\/\/lidiaecojoias.com\/?post_type=product&#038;p=5967"},"modified":"2025-06-28T07:48:18","modified_gmt":"2025-06-28T07:48:18","slug":"colar-chapeu-de-napoleao","status":"publish","type":"product","link":"https:\/\/lidiaecojoias.com\/?product=colar-chapeu-de-napoleao","title":{"rendered":"Colar Chap\u00e9u de Napole\u00e3o"},"content":{"rendered":"<p>Colar longo com sementes de a\u00e7a\u00ed, ligadas ao elemento \u00e1gua, que gere as emo\u00e7\u00f5es; discos em casca de c\u00f4co,\u00a0 sementes de santa B\u00e1rbara e sementes Chap\u00e9u de Napole\u00e3o.<\/p>\n<p>Dispon\u00edvel por encomenda.<\/p>\n","protected":false},"excerpt":{"rendered":"<p>Colar longo com sementes de a\u00e7a\u00ed, ligadas ao elemento \u00e1gua, que gere as emo\u00e7\u00f5es; discos em casca de c\u00f4co,\u00a0 sementes de santa B\u00e1rbara e sementes Chap\u00e9u de Napole\u00e3o. Dispon\u00edvel por encomenda.<\/p>\n","protected":false},"featured_media":5828,"comment_status":"open","ping_status":"closed","template":"","meta":{"_mi_skip_tracking":false,"spay_email":""},"product_cat":[231,232],"product_tag":[254,279,296,256,268],"class_list":{"0":"post-5967","1":"product","2":"type-product","3":"status-publish","4":"has-post-thumbnail","6":"product_cat-bijuteria-com-sementes","7":"product_cat-colares-bijuteria-com-sementes","8":"product_tag-acai","9":"product_tag-chapeu-de-napoleao","10":"product_tag-coco","11":"product_tag-colar-com-sementes","12":"product_tag-sementes-de-santa-barbara","13":"description-off","15":"first","16":"instock","17":"shipping-taxable","18":"purchasable","19":"product-type-simple"},"_links":{"self":[{"href":"https:\/\/lidiaecojoias.com\/index.php?rest_route=\/wp\/v2\/product\/5967","targetHints":{"allow":["GET"]}}],"collection":[{"href":"https:\/\/lidiaecojoias.com\/index.php?rest_route=\/wp\/v2\/product"}],"about":[{"href":"https:\/\/lidiaecojoias.com\/index.php?rest_route=\/wp\/v2\/types\/product"}],"replies":[{"embeddable":true,"href":"https:\/\/lidiaecojoias.com\/index.php?rest_route=%2Fwp%2Fv2%2Fcomments&post=5967"}],"version-history":[{"count":1,"href":"https:\/\/lidiaecojoias.com\/index.php?rest_route=\/wp\/v2\/product\/5967\/revisions"}],"predecessor-version":[{"id":5969,"href":"https:\/\/lidiaecojoias.com\/index.php?rest_route=\/wp\/v2\/product\/5967\/revisions\/5969"}],"wp:featuredmedia":[{"embeddable":true,"href":"https:\/\/lidiaecojoias.com\/index.php?rest_route=\/wp\/v2\/media\/5828"}],"wp:attachment":[{"href":"https:\/\/lidiaecojoias.com\/index.php?rest_route=%2Fwp%2Fv2%2Fmedia&parent=5967"}],"wp:term":[{"taxonomy":"product_cat","embeddable":true,"href":"https:\/\/lidiaecojoias.com\/index.php?rest_route=%2Fwp%2Fv2%2Fproduct_cat&post=5967"},{"taxonomy":"product_tag","embeddable":true,"href":"https:\/\/lidiaecojoias.com\/index.php?rest_route=%2Fwp%2Fv2%2Fproduct_tag&post=5967"}],"curies":[{"name":"wp","href":"https:\/\/api.w.org\/{rel}","templated":true}]}}