{"id":5938,"date":"2021-11-26T12:32:57","date_gmt":"2021-11-26T12:32:57","guid":{"rendered":"https:\/\/lidiaecojoias.com\/?post_type=product&#038;p=5938"},"modified":"2022-09-12T09:54:45","modified_gmt":"2022-09-12T09:54:45","slug":"pulseira-signo-sagitario","status":"publish","type":"product","link":"https:\/\/lidiaecojoias.com\/?product=pulseira-signo-sagitario","title":{"rendered":"Pulseira signo sagit\u00e1rio"},"content":{"rendered":"<div dir=\"auto\">\n<p>Pulseira criada exclusivamente para os nativos do signo sagit\u00e1rio com as pedras: calced\u00f3nia, labradorite, sodalite e ametista<\/p>\n<\/div>\n<div dir=\"auto\">Pulseira em fio el\u00e1stico feita \u00e0 medida.<\/div>\n<div dir=\"auto\">Ao encomendar seleccione por favor a medida pretendida.<\/div>\n<div dir=\"auto\">Para outras medidas indique por favor nos coment\u00e1rios da sua encomenda.<\/div>\n<div dir=\"auto\"><\/div>\n<div dir=\"auto\">O artigo que receber pode ser diferente do da foto aqui apresentada.<\/div>\n<div dir=\"auto\"><\/div>\n<div dir=\"auto\">Oferta de portes em correio verde simples para este artigo.<\/div>\n","protected":false},"excerpt":{"rendered":"<p>Pulseira criada exclusivamente para os nativos do signo sagit\u00e1rio com as pedras: calced\u00f3nia, labradorite, sodalite e ametista Pulseira em fio el\u00e1stico feita \u00e0 medida. Ao encomendar seleccione por favor a medida pretendida. Para outras medidas indique por favor nos coment\u00e1rios da sua encomenda. O artigo que receber pode ser diferente do da foto aqui apresentada.&hellip;<\/p>\n","protected":false},"featured_media":5911,"comment_status":"open","ping_status":"closed","template":"","meta":{"_mi_skip_tracking":false,"spay_email":""},"product_cat":[227,229],"product_tag":[295,317,305,258,259,311],"class_list":{"0":"post-5938","1":"product","2":"type-product","3":"status-publish","4":"has-post-thumbnail","6":"product_cat-bijuteria-com-cristais","7":"product_cat-pulseiras-terapeuticas","8":"product_tag-ametista","9":"product_tag-calcedonia","10":"product_tag-labradorite","11":"product_tag-pulseira","12":"product_tag-pulseira-de-cristais","13":"product_tag-pulseira-dos-signos","14":"description-off","16":"first","17":"instock","18":"shipping-taxable","19":"purchasable","20":"product-type-variable","21":"has-default-attributes"},"_links":{"self":[{"href":"https:\/\/lidiaecojoias.com\/index.php?rest_route=\/wp\/v2\/product\/5938","targetHints":{"allow":["GET"]}}],"collection":[{"href":"https:\/\/lidiaecojoias.com\/index.php?rest_route=\/wp\/v2\/product"}],"about":[{"href":"https:\/\/lidiaecojoias.com\/index.php?rest_route=\/wp\/v2\/types\/product"}],"replies":[{"embeddable":true,"href":"https:\/\/lidiaecojoias.com\/index.php?rest_route=%2Fwp%2Fv2%2Fcomments&post=5938"}],"version-history":[{"count":3,"href":"https:\/\/lidiaecojoias.com\/index.php?rest_route=\/wp\/v2\/product\/5938\/revisions"}],"predecessor-version":[{"id":6248,"href":"https:\/\/lidiaecojoias.com\/index.php?rest_route=\/wp\/v2\/product\/5938\/revisions\/6248"}],"wp:featuredmedia":[{"embeddable":true,"href":"https:\/\/lidiaecojoias.com\/index.php?rest_route=\/wp\/v2\/media\/5911"}],"wp:attachment":[{"href":"https:\/\/lidiaecojoias.com\/index.php?rest_route=%2Fwp%2Fv2%2Fmedia&parent=5938"}],"wp:term":[{"taxonomy":"product_cat","embeddable":true,"href":"https:\/\/lidiaecojoias.com\/index.php?rest_route=%2Fwp%2Fv2%2Fproduct_cat&post=5938"},{"taxonomy":"product_tag","embeddable":true,"href":"https:\/\/lidiaecojoias.com\/index.php?rest_route=%2Fwp%2Fv2%2Fproduct_tag&post=5938"}],"curies":[{"name":"wp","href":"https:\/\/api.w.org\/{rel}","templated":true}]}}