{"id":5529,"date":"2021-11-22T23:06:51","date_gmt":"2021-11-22T23:06:51","guid":{"rendered":"https:\/\/lidiaecojoias.com\/?post_type=product&#038;p=5529"},"modified":"2022-06-23T06:16:28","modified_gmt":"2022-06-23T06:16:28","slug":"pulseira-em-leopardita","status":"publish","type":"product","link":"https:\/\/lidiaecojoias.com\/?product=pulseira-em-leopardita","title":{"rendered":"Pulseira em Leopardita"},"content":{"rendered":"<div dir=\"auto\">\n<p>A leopardita \u00e9 uma pedra de cura.<\/p>\n<p>Cura os sentimentos negativos causados pelo stress di\u00e1rio e m\u00e1goas do passado.<\/p>\n<p>Trabalha o progresso, as realiza\u00e7\u00f5es e as conquistas.<\/p>\n<p>\u00c9 uma pedra de abertura de caminhos.<\/p>\n<p>Pode ser usada por longos per\u00edodos pois tem ac\u00e7\u00e3o lenta.<\/p>\n<p>A Leopardita tem o poder de nos fazer ver verdades escondidas e afasta pessoas mal intencionadas.<\/p>\n<p>Signos: Carneiro, Le\u00e3o, Capric\u00f3rnio e Touro.<\/p>\n<p>Profiss\u00f5es: empres\u00e1rios, advogados, contabilistas e banc\u00e1rios.<\/p>\n<\/div>\n<div dir=\"auto\">Pulseira em leopardita em fio el\u00e1stico feita \u00e0 medida.<\/div>\n<div dir=\"auto\">Ao encomendar seleccione por favor a medida pretendida.<\/div>\n<div dir=\"auto\">Para outras medidas indique por favor nos coment\u00e1rios da sua encomenda.<\/div>\n<div dir=\"auto\"><\/div>\n<div dir=\"auto\">Oferta de portes em correio verde simples para este artigo.<\/div>\n","protected":false},"excerpt":{"rendered":"<p>A leopardita \u00e9 uma pedra de cura. Cura os sentimentos negativos causados pelo stress di\u00e1rio e m\u00e1goas do passado. Trabalha o progresso, as realiza\u00e7\u00f5es e as conquistas. \u00c9 uma pedra de abertura de caminhos. Pode ser usada por longos per\u00edodos pois tem ac\u00e7\u00e3o lenta. A Leopardita tem o poder de nos fazer ver verdades escondidas&hellip;<\/p>\n","protected":false},"featured_media":5536,"comment_status":"open","ping_status":"closed","template":"","meta":{"_mi_skip_tracking":false,"spay_email":""},"product_cat":[227,229],"product_tag":[313,258,259],"class_list":{"0":"post-5529","1":"product","2":"type-product","3":"status-publish","4":"has-post-thumbnail","6":"product_cat-bijuteria-com-cristais","7":"product_cat-pulseiras-terapeuticas","8":"product_tag-leopardita","9":"product_tag-pulseira","10":"product_tag-pulseira-de-cristais","11":"description-off","13":"first","14":"instock","15":"shipping-taxable","16":"purchasable","17":"product-type-variable","18":"has-default-attributes"},"_links":{"self":[{"href":"https:\/\/lidiaecojoias.com\/index.php?rest_route=\/wp\/v2\/product\/5529","targetHints":{"allow":["GET"]}}],"collection":[{"href":"https:\/\/lidiaecojoias.com\/index.php?rest_route=\/wp\/v2\/product"}],"about":[{"href":"https:\/\/lidiaecojoias.com\/index.php?rest_route=\/wp\/v2\/types\/product"}],"replies":[{"embeddable":true,"href":"https:\/\/lidiaecojoias.com\/index.php?rest_route=%2Fwp%2Fv2%2Fcomments&post=5529"}],"version-history":[{"count":2,"href":"https:\/\/lidiaecojoias.com\/index.php?rest_route=\/wp\/v2\/product\/5529\/revisions"}],"predecessor-version":[{"id":5628,"href":"https:\/\/lidiaecojoias.com\/index.php?rest_route=\/wp\/v2\/product\/5529\/revisions\/5628"}],"wp:featuredmedia":[{"embeddable":true,"href":"https:\/\/lidiaecojoias.com\/index.php?rest_route=\/wp\/v2\/media\/5536"}],"wp:attachment":[{"href":"https:\/\/lidiaecojoias.com\/index.php?rest_route=%2Fwp%2Fv2%2Fmedia&parent=5529"}],"wp:term":[{"taxonomy":"product_cat","embeddable":true,"href":"https:\/\/lidiaecojoias.com\/index.php?rest_route=%2Fwp%2Fv2%2Fproduct_cat&post=5529"},{"taxonomy":"product_tag","embeddable":true,"href":"https:\/\/lidiaecojoias.com\/index.php?rest_route=%2Fwp%2Fv2%2Fproduct_tag&post=5529"}],"curies":[{"name":"wp","href":"https:\/\/api.w.org\/{rel}","templated":true}]}}