{"id":5497,"date":"2021-11-22T22:47:32","date_gmt":"2021-11-22T22:47:32","guid":{"rendered":"https:\/\/lidiaecojoias.com\/?post_type=product&#038;p=5497"},"modified":"2023-09-05T15:01:22","modified_gmt":"2023-09-05T15:01:22","slug":"pulseira-em-calcedonia","status":"publish","type":"product","link":"https:\/\/lidiaecojoias.com\/?product=pulseira-em-calcedonia","title":{"rendered":"Pulseira em calced\u00f3nia"},"content":{"rendered":"<div dir=\"auto\">\n<p>A Calced\u00f3nia ou \u00c1gata Blue Lace \u00e9 uma pedra muito especial<\/p>\n<p>\u00c9 uma pedra de prote\u00e7\u00e3o que absorve e neutraliza as m\u00e1s energias, sobretudo a raiva.<\/p>\n<p>Trabalha a telepatia e harmoniza os corpos f\u00edsico, mental, emocional e espiritual, levando-nos ao auto-questionamento e \u00e0 reflex\u00e3o interior construtiva.<\/p>\n<p>A calced\u00f3nia era usada pelos \u00edndios norte americanos para estimular o instinto maternal e aumentar a produ\u00e7\u00e3o de leite nas mulheres que amamentavam.<\/p>\n<p>Nas terapias com cristais \u00e9 utilizada para atrasar processos de dem\u00eancia e aumentar a for\u00e7a f\u00edsica.<\/p>\n<p>Ainda no plano f\u00edsico ajuda o corpo a assimilar as vitaminas e sais minerais ingeridos, auxilia em problemas de m\u00e1 circula\u00e7\u00e3o, como varizes, e problemas de ves\u00edcula e ba\u00e7o.<\/p>\n<p>Profiss\u00f5es: Porque protege as cordas vocais, \u00e9 indicada para cantores, atores, locutores e todos os que utilizam a voz na sua profiss\u00e3o.<\/p>\n<p>Signos: sagit\u00e1rio.<\/p>\n<p>Chakras: 5\u00b0, lar\u00edngeo, correspondente \u00e0 nossa express\u00e3o vocal.<\/p>\n<p>&nbsp;<\/p>\n<\/div>\n<div dir=\"auto\">Pulseira em calced\u00f3nia em fio el\u00e1stico feita \u00e0 medida.<\/div>\n<div dir=\"auto\">Ao encomendar seleccione por favor a medida pretendida.<\/div>\n<div dir=\"auto\">Para outras medidas indique por favor nos coment\u00e1rios da sua encomenda.<\/div>\n","protected":false},"excerpt":{"rendered":"<p>A Calced\u00f3nia ou \u00c1gata Blue Lace \u00e9 uma pedra muito especial \u00c9 uma pedra de prote\u00e7\u00e3o que absorve e neutraliza as m\u00e1s energias, sobretudo a raiva. Trabalha a telepatia e harmoniza os corpos f\u00edsico, mental, emocional e espiritual, levando-nos ao auto-questionamento e \u00e0 reflex\u00e3o interior construtiva. A calced\u00f3nia era usada pelos \u00edndios norte americanos para&hellip;<\/p>\n","protected":false},"featured_media":5490,"comment_status":"open","ping_status":"closed","template":"","meta":{"_mi_skip_tracking":false,"spay_email":""},"product_cat":[227,229],"product_tag":[318,317,258,259],"class_list":{"0":"post-5497","1":"product","2":"type-product","3":"status-publish","4":"has-post-thumbnail","6":"product_cat-bijuteria-com-cristais","7":"product_cat-pulseiras-terapeuticas","8":"product_tag-agata-blue-lace","9":"product_tag-calcedonia","10":"product_tag-pulseira","11":"product_tag-pulseira-de-cristais","12":"description-off","14":"first","15":"instock","16":"shipping-taxable","17":"purchasable","18":"product-type-variable","19":"has-default-attributes"},"_links":{"self":[{"href":"https:\/\/lidiaecojoias.com\/index.php?rest_route=\/wp\/v2\/product\/5497","targetHints":{"allow":["GET"]}}],"collection":[{"href":"https:\/\/lidiaecojoias.com\/index.php?rest_route=\/wp\/v2\/product"}],"about":[{"href":"https:\/\/lidiaecojoias.com\/index.php?rest_route=\/wp\/v2\/types\/product"}],"replies":[{"embeddable":true,"href":"https:\/\/lidiaecojoias.com\/index.php?rest_route=%2Fwp%2Fv2%2Fcomments&post=5497"}],"version-history":[{"count":1,"href":"https:\/\/lidiaecojoias.com\/index.php?rest_route=\/wp\/v2\/product\/5497\/revisions"}],"predecessor-version":[{"id":5504,"href":"https:\/\/lidiaecojoias.com\/index.php?rest_route=\/wp\/v2\/product\/5497\/revisions\/5504"}],"wp:featuredmedia":[{"embeddable":true,"href":"https:\/\/lidiaecojoias.com\/index.php?rest_route=\/wp\/v2\/media\/5490"}],"wp:attachment":[{"href":"https:\/\/lidiaecojoias.com\/index.php?rest_route=%2Fwp%2Fv2%2Fmedia&parent=5497"}],"wp:term":[{"taxonomy":"product_cat","embeddable":true,"href":"https:\/\/lidiaecojoias.com\/index.php?rest_route=%2Fwp%2Fv2%2Fproduct_cat&post=5497"},{"taxonomy":"product_tag","embeddable":true,"href":"https:\/\/lidiaecojoias.com\/index.php?rest_route=%2Fwp%2Fv2%2Fproduct_tag&post=5497"}],"curies":[{"name":"wp","href":"https:\/\/api.w.org\/{rel}","templated":true}]}}