{"id":5459,"date":"2021-11-22T21:51:28","date_gmt":"2021-11-22T21:51:28","guid":{"rendered":"https:\/\/lidiaecojoias.com\/?post_type=product&#038;p=5459"},"modified":"2022-07-22T13:23:04","modified_gmt":"2022-07-22T13:23:04","slug":"pulseira-signo-caranguejo","status":"publish","type":"product","link":"https:\/\/lidiaecojoias.com\/?product=pulseira-signo-caranguejo","title":{"rendered":"Pulseira signo caranguejo"},"content":{"rendered":"<div dir=\"auto\">\n<p>Pulseira criada exclusivamente para os nativos do signo caranguejo com as pedras: aventurina verde, olho-de-gato, rodonite, rodocrosite e turmalina.<\/p>\n<\/div>\n<div dir=\"auto\">Pulseira em fio el\u00e1stico feita \u00e0 medida.<\/div>\n<div dir=\"auto\">Ao encomendar seleccione por favor a medida pretendida.<\/div>\n<div dir=\"auto\">Para outras medidas indique por favor nos coment\u00e1rios da sua encomenda.<\/div>\n<div dir=\"auto\"><\/div>\n<div dir=\"auto\">Oferta de portes em correio verde simples para este artigo.<\/div>\n","protected":false},"excerpt":{"rendered":"<p>Pulseira criada exclusivamente para os nativos do signo caranguejo com as pedras: aventurina verde, olho-de-gato, rodonite, rodocrosite e turmalina. Pulseira em fio el\u00e1stico feita \u00e0 medida. Ao encomendar seleccione por favor a medida pretendida. Para outras medidas indique por favor nos coment\u00e1rios da sua encomenda. Oferta de portes em correio verde simples para este artigo.<\/p>\n","protected":false},"featured_media":5290,"comment_status":"open","ping_status":"closed","template":"","meta":{"_mi_skip_tracking":false,"spay_email":""},"product_cat":[227,229],"product_tag":[306,314,258,259,311,310,260,284],"class_list":{"0":"post-5459","1":"product","2":"type-product","3":"status-publish","4":"has-post-thumbnail","6":"product_cat-bijuteria-com-cristais","7":"product_cat-pulseiras-terapeuticas","8":"product_tag-aventurina-verde","9":"product_tag-olho-de-gato","10":"product_tag-pulseira","11":"product_tag-pulseira-de-cristais","12":"product_tag-pulseira-dos-signos","13":"product_tag-rodocrosite","14":"product_tag-rodonite","15":"product_tag-turmalina","16":"description-off","18":"first","19":"instock","20":"shipping-taxable","21":"purchasable","22":"product-type-variable","23":"has-default-attributes"},"_links":{"self":[{"href":"https:\/\/lidiaecojoias.com\/index.php?rest_route=\/wp\/v2\/product\/5459","targetHints":{"allow":["GET"]}}],"collection":[{"href":"https:\/\/lidiaecojoias.com\/index.php?rest_route=\/wp\/v2\/product"}],"about":[{"href":"https:\/\/lidiaecojoias.com\/index.php?rest_route=\/wp\/v2\/types\/product"}],"replies":[{"embeddable":true,"href":"https:\/\/lidiaecojoias.com\/index.php?rest_route=%2Fwp%2Fv2%2Fcomments&post=5459"}],"version-history":[{"count":3,"href":"https:\/\/lidiaecojoias.com\/index.php?rest_route=\/wp\/v2\/product\/5459\/revisions"}],"predecessor-version":[{"id":5635,"href":"https:\/\/lidiaecojoias.com\/index.php?rest_route=\/wp\/v2\/product\/5459\/revisions\/5635"}],"wp:featuredmedia":[{"embeddable":true,"href":"https:\/\/lidiaecojoias.com\/index.php?rest_route=\/wp\/v2\/media\/5290"}],"wp:attachment":[{"href":"https:\/\/lidiaecojoias.com\/index.php?rest_route=%2Fwp%2Fv2%2Fmedia&parent=5459"}],"wp:term":[{"taxonomy":"product_cat","embeddable":true,"href":"https:\/\/lidiaecojoias.com\/index.php?rest_route=%2Fwp%2Fv2%2Fproduct_cat&post=5459"},{"taxonomy":"product_tag","embeddable":true,"href":"https:\/\/lidiaecojoias.com\/index.php?rest_route=%2Fwp%2Fv2%2Fproduct_tag&post=5459"}],"curies":[{"name":"wp","href":"https:\/\/api.w.org\/{rel}","templated":true}]}}