{"id":5443,"date":"2021-11-22T21:35:37","date_gmt":"2021-11-22T21:35:37","guid":{"rendered":"https:\/\/lidiaecojoias.com\/?post_type=product&#038;p=5443"},"modified":"2024-01-15T16:40:58","modified_gmt":"2024-01-15T16:40:58","slug":"pulseira-em-amazonite","status":"publish","type":"product","link":"https:\/\/lidiaecojoias.com\/?product=pulseira-em-amazonite","title":{"rendered":"Pulseira em Amazonite"},"content":{"rendered":"<div dir=\"auto\">\n<p>A Amazonita \u00e9 sobretudo uma pedra calmante, associada \u00e0 cria\u00e7\u00e3o de estados de paz e tranquilidade, resolu\u00e7\u00e3o de brigas e elimina\u00e7\u00e3o de stress e vibra\u00e7\u00f5es negativas.<br \/>\nFacilita a integra\u00e7\u00e3o dos pensamentos com a intui\u00e7\u00e3o ajudando assim a tomada de decis\u00f5es conscientes.<br \/>\nA n\u00edvel f\u00edsico ajuda no tratamento de estados de ansiedade pela regula\u00e7\u00e3o do ritmo card\u00edaco.<\/p>\n<p>Signos: virgem e aqu\u00e1rio<\/p>\n<p>Profiss\u00f5es: estudantes e profissionais de marketing<\/p>\n<\/div>\n<div dir=\"auto\"><\/div>\n<div dir=\"auto\">Pulseira em Amazonite em fio el\u00e1stico feita \u00e0 medida.<\/div>\n<div dir=\"auto\">Dispon\u00edvel em Amazonite clara ou escura.<\/div>\n<div dir=\"auto\">Ao encomendar por favor selecione a cor preferida e a medida pretendida.<\/div>\n<div dir=\"auto\">Para outras medidas indique por favor nos coment\u00e1rios da sua encomenda.<\/div>\n<div dir=\"auto\"><\/div>\n<div dir=\"auto\">Oferta de portes em correio verde simples para este artigo.<\/div>\n","protected":false},"excerpt":{"rendered":"<p>A Amazonita \u00e9 sobretudo uma pedra calmante, associada \u00e0 cria\u00e7\u00e3o de estados de paz e tranquilidade, resolu\u00e7\u00e3o de brigas e elimina\u00e7\u00e3o de stress e vibra\u00e7\u00f5es negativas. Facilita a integra\u00e7\u00e3o dos pensamentos com a intui\u00e7\u00e3o ajudando assim a tomada de decis\u00f5es conscientes. A n\u00edvel f\u00edsico ajuda no tratamento de estados de ansiedade pela regula\u00e7\u00e3o do ritmo&hellip;<\/p>\n","protected":false},"featured_media":5577,"comment_status":"open","ping_status":"closed","template":"","meta":{"_mi_skip_tracking":false,"spay_email":""},"product_cat":[227,229],"product_tag":[287,258,259],"class_list":{"0":"post-5443","1":"product","2":"type-product","3":"status-publish","4":"has-post-thumbnail","6":"product_cat-bijuteria-com-cristais","7":"product_cat-pulseiras-terapeuticas","8":"product_tag-amazonite","9":"product_tag-pulseira","10":"product_tag-pulseira-de-cristais","11":"description-off","13":"first","14":"instock","15":"shipping-taxable","16":"purchasable","17":"product-type-variable","18":"has-default-attributes"},"_links":{"self":[{"href":"https:\/\/lidiaecojoias.com\/index.php?rest_route=\/wp\/v2\/product\/5443","targetHints":{"allow":["GET"]}}],"collection":[{"href":"https:\/\/lidiaecojoias.com\/index.php?rest_route=\/wp\/v2\/product"}],"about":[{"href":"https:\/\/lidiaecojoias.com\/index.php?rest_route=\/wp\/v2\/types\/product"}],"replies":[{"embeddable":true,"href":"https:\/\/lidiaecojoias.com\/index.php?rest_route=%2Fwp%2Fv2%2Fcomments&post=5443"}],"version-history":[{"count":4,"href":"https:\/\/lidiaecojoias.com\/index.php?rest_route=\/wp\/v2\/product\/5443\/revisions"}],"predecessor-version":[{"id":6529,"href":"https:\/\/lidiaecojoias.com\/index.php?rest_route=\/wp\/v2\/product\/5443\/revisions\/6529"}],"wp:featuredmedia":[{"embeddable":true,"href":"https:\/\/lidiaecojoias.com\/index.php?rest_route=\/wp\/v2\/media\/5577"}],"wp:attachment":[{"href":"https:\/\/lidiaecojoias.com\/index.php?rest_route=%2Fwp%2Fv2%2Fmedia&parent=5443"}],"wp:term":[{"taxonomy":"product_cat","embeddable":true,"href":"https:\/\/lidiaecojoias.com\/index.php?rest_route=%2Fwp%2Fv2%2Fproduct_cat&post=5443"},{"taxonomy":"product_tag","embeddable":true,"href":"https:\/\/lidiaecojoias.com\/index.php?rest_route=%2Fwp%2Fv2%2Fproduct_tag&post=5443"}],"curies":[{"name":"wp","href":"https:\/\/api.w.org\/{rel}","templated":true}]}}