{"id":5292,"date":"2021-11-18T17:32:38","date_gmt":"2021-11-18T17:32:38","guid":{"rendered":"https:\/\/lidiaecojoias.com\/?post_type=product&#038;p=5292"},"modified":"2022-06-23T06:17:26","modified_gmt":"2022-06-23T06:17:26","slug":"pulseira-em-olho-de-tigre","status":"publish","type":"product","link":"https:\/\/lidiaecojoias.com\/?product=pulseira-em-olho-de-tigre","title":{"rendered":"Pulseira em Olho-de-tigre"},"content":{"rendered":"<p>O quartzo olho de tigre \u00e9 uma pedra rara na natureza. Sabe-se que j\u00e1 na antiguidade era usada como amuleto de prote\u00e7\u00e3o pelos povos que habitavam a atual regi\u00e3o do Sri Lanka.<\/p>\n<p>O olho-de tigre protege da negatividade, enviando-a \u00e0 sua origem.<\/p>\n<p>\u00c9 boa para o cora\u00e7\u00e3o.<\/p>\n<p>Auxilia as pessoas que t\u00eam problemas para falar e expressarem-se em geral.<\/p>\n<p>Aumenta a for\u00e7a de vontade, a confian\u00e7a para alcan\u00e7ar objetivos e ajuda a expandir talentos.<\/p>\n<p>Signos: touro.<\/p>\n<p>Profiss\u00f5es: detetives, empres\u00e1rios, gestores e todos os comunicadores em geral.<\/p>\n<p>&nbsp;<\/p>\n<p>Pulseira em Olho-de-tigre em fio el\u00e1stico feita \u00e0 medida.<\/p>\n<p>Ao encomendar por favor selecione a medida pretendida.<\/p>\n<p>Para outras medidas indique por favor nos coment\u00e1rios da sua encomenda.<\/p>\n<p>Oferta de portes em correio verde simples para este artigo.<\/p>\n","protected":false},"excerpt":{"rendered":"<p>O quartzo olho de tigre \u00e9 uma pedra rara na natureza. Sabe-se que j\u00e1 na antiguidade era usada como amuleto de prote\u00e7\u00e3o pelos povos que habitavam a atual regi\u00e3o do Sri Lanka. O olho-de tigre protege da negatividade, enviando-a \u00e0 sua origem. \u00c9 boa para o cora\u00e7\u00e3o. Auxilia as pessoas que t\u00eam problemas para falar&hellip;<\/p>\n","protected":false},"featured_media":5280,"comment_status":"open","ping_status":"closed","template":"","meta":{"_mi_skip_tracking":false,"spay_email":""},"product_cat":[227,229],"product_tag":[302,258,259],"class_list":{"0":"post-5292","1":"product","2":"type-product","3":"status-publish","4":"has-post-thumbnail","6":"product_cat-bijuteria-com-cristais","7":"product_cat-pulseiras-terapeuticas","8":"product_tag-olho-de-tigre","9":"product_tag-pulseira","10":"product_tag-pulseira-de-cristais","11":"description-off","13":"first","14":"instock","15":"shipping-taxable","16":"purchasable","17":"product-type-variable","18":"has-default-attributes"},"_links":{"self":[{"href":"https:\/\/lidiaecojoias.com\/index.php?rest_route=\/wp\/v2\/product\/5292","targetHints":{"allow":["GET"]}}],"collection":[{"href":"https:\/\/lidiaecojoias.com\/index.php?rest_route=\/wp\/v2\/product"}],"about":[{"href":"https:\/\/lidiaecojoias.com\/index.php?rest_route=\/wp\/v2\/types\/product"}],"replies":[{"embeddable":true,"href":"https:\/\/lidiaecojoias.com\/index.php?rest_route=%2Fwp%2Fv2%2Fcomments&post=5292"}],"version-history":[{"count":2,"href":"https:\/\/lidiaecojoias.com\/index.php?rest_route=\/wp\/v2\/product\/5292\/revisions"}],"predecessor-version":[{"id":5656,"href":"https:\/\/lidiaecojoias.com\/index.php?rest_route=\/wp\/v2\/product\/5292\/revisions\/5656"}],"wp:featuredmedia":[{"embeddable":true,"href":"https:\/\/lidiaecojoias.com\/index.php?rest_route=\/wp\/v2\/media\/5280"}],"wp:attachment":[{"href":"https:\/\/lidiaecojoias.com\/index.php?rest_route=%2Fwp%2Fv2%2Fmedia&parent=5292"}],"wp:term":[{"taxonomy":"product_cat","embeddable":true,"href":"https:\/\/lidiaecojoias.com\/index.php?rest_route=%2Fwp%2Fv2%2Fproduct_cat&post=5292"},{"taxonomy":"product_tag","embeddable":true,"href":"https:\/\/lidiaecojoias.com\/index.php?rest_route=%2Fwp%2Fv2%2Fproduct_tag&post=5292"}],"curies":[{"name":"wp","href":"https:\/\/api.w.org\/{rel}","templated":true}]}}